{"id":10980,"date":"2023-08-02T03:42:44","date_gmt":"2023-08-02T03:42:44","guid":{"rendered":"http:\/\/komeklatam.com\/?post_type=product&#038;p=10980"},"modified":"2023-08-02T03:42:45","modified_gmt":"2023-08-02T03:42:45","slug":"silla-de-suspension","status":"publish","type":"product","link":"https:\/\/komeklatam.com\/index.php\/producto\/silla-de-suspension\/","title":{"rendered":"Silla de Suspensi\u00f3n"},"content":{"rendered":"<h2>Descripci\u00f3n<\/h2>\n<p>CARACTER\u00cdSTICAS<\/p>\n<ul>\n<li>Asiento ancho y c\u00f3modo en madera de 60 x 35 cm.<\/li>\n<li>Punto de anclaje superior para ubicar el arn\u00e9s y dem\u00e1s<br \/>\nelementos del sistema de suspensi\u00f3n controlado como<br \/>\nmosquetones, ascendedores, descendedores, entre otros.<\/li>\n<li>Fabricado con cuerda est\u00e1tica kernmantle de 13 mm certificada.<\/li>\n<li>Resistencia superior a 23 KN.<\/li>\n<\/ul>\n<p>PRECAUCIONES DE USO<\/p>\n<ul>\n<li>El usuario debe evaluar el nivel de protecci\u00f3n<br \/>\nnecesaria para el trabajo a realizar.<\/li>\n<li>Este producto est\u00e1 dise\u00f1ado para labores de<br \/>\nsuspensi\u00f3n generales donde el trabajador requiera<br \/>\nmayor comodidad para el correcto desempe\u00f1o de sus<br \/>\nfunciones en periodos de tiempo prolongados.<\/li>\n<li>Limpieza y mantenimiento de fachadas.<\/li>\n<li>Limpieza de vidrios y edificios.<\/li>\n<li>Mantenimiento general en suspensi\u00f3n.<\/li>\n<\/ul>\n<p>RECOMENDACIONES<\/p>\n<p>Este producto debe usarse simult\u00e1neamente con arn\u00e9s anti ca\u00eddas y puede ser utilizando en combinaci\u00f3n con dispositivos de ascenso y descenso.<\/p>\n<p>EST\u00c1NDARES Y REGULACIONES<\/p>\n<p>La silla est\u00e1 dise\u00f1ada bajo los<br \/>\nest\u00e1ndares de la norma: ANSI Z359.11- 2014<\/p>\n<p>COMPOSICI\u00d3N<\/p>\n<p>Madera resistente al agua, cuerda est\u00e1tica resistente a \u00e1cidos.<\/p>\n<p>&nbsp;<\/p>\n","protected":false},"excerpt":{"rendered":"<p>La silla de suspensi\u00f3n est\u00e1 dise\u00f1ada para brindar mayor comodidad y confort de trabajo al usuario en labores prolongadas de suspensi\u00f3n.<\/p>\n","protected":false},"featured_media":10981,"comment_status":"open","ping_status":"closed","template":"","meta":{"_joinchat":[]},"product_brand":[],"product_cat":[95,28],"product_tag":[],"class_list":{"0":"post-10980","1":"product","2":"type-product","3":"status-publish","4":"has-post-thumbnail","6":"product_cat-proteccion-caida","7":"product_cat-seguridadindustrial","9":"first","10":"instock","11":"shipping-taxable","12":"product-type-simple"},"ams_default_variation_id":0,"ams_product_points_reward":[],"ams_product_discount_percentage":0,"ams_price_to_display":0,"ams_acf":[],"jetpack_sharing_enabled":true,"_links":{"self":[{"href":"https:\/\/komeklatam.com\/index.php\/wp-json\/wp\/v2\/product\/10980","targetHints":{"allow":["GET"]}}],"collection":[{"href":"https:\/\/komeklatam.com\/index.php\/wp-json\/wp\/v2\/product"}],"about":[{"href":"https:\/\/komeklatam.com\/index.php\/wp-json\/wp\/v2\/types\/product"}],"replies":[{"embeddable":true,"href":"https:\/\/komeklatam.com\/index.php\/wp-json\/wp\/v2\/comments?post=10980"}],"wp:featuredmedia":[{"embeddable":true,"href":"https:\/\/komeklatam.com\/index.php\/wp-json\/wp\/v2\/media\/10981"}],"wp:attachment":[{"href":"https:\/\/komeklatam.com\/index.php\/wp-json\/wp\/v2\/media?parent=10980"}],"wp:term":[{"taxonomy":"product_brand","embeddable":true,"href":"https:\/\/komeklatam.com\/index.php\/wp-json\/wp\/v2\/product_brand?post=10980"},{"taxonomy":"product_cat","embeddable":true,"href":"https:\/\/komeklatam.com\/index.php\/wp-json\/wp\/v2\/product_cat?post=10980"},{"taxonomy":"product_tag","embeddable":true,"href":"https:\/\/komeklatam.com\/index.php\/wp-json\/wp\/v2\/product_tag?post=10980"}],"curies":[{"name":"wp","href":"https:\/\/api.w.org\/{rel}","templated":true}]}}