{"id":10992,"date":"2023-08-02T04:09:28","date_gmt":"2023-08-02T04:09:28","guid":{"rendered":"http:\/\/komeklatam.com\/?post_type=product&#038;p=10992"},"modified":"2023-08-02T04:09:29","modified_gmt":"2023-08-02T04:09:29","slug":"careta-automatica-soldadura-sosega-2","status":"publish","type":"product","link":"https:\/\/komeklatam.com\/index.php\/producto\/careta-automatica-soldadura-sosega-2\/","title":{"rendered":"Careta Autom\u00e1tica Soldadura Sosega"},"content":{"rendered":"<h2>Descripci\u00f3n<\/h2>\n<p>CARACTER\u00cdSTICAS<\/p>\n<ul>\n<li>Protecci\u00f3n Facial<\/li>\n<li>Material: Polipropileno<\/li>\n<li>Tama\u00f1o del filtro: 110, 90, 9mm.<\/li>\n<li>\u00c1rea de Visibilidad: 100 y 50mm.<\/li>\n<li>Sombra Clara: DIN 4.<\/li>\n<li>Sombra Oscura: DIN 9-13.<\/li>\n<li>Control de sombra: Control milim\u00e9trico exterior.<\/li>\n<li>Tiempo de respuesta: 1\/25000s.<\/li>\n<li>Tiempo de retardo: 0.2-1.0s.<\/li>\n<li>Control de sensibilidad: Control milim\u00e9trico.<\/li>\n<li>Bajo \/ Alto.<\/li>\n<li>Fuente de alimentaci\u00f3n: C\u00e9lulas solares y bater\u00eda reemplazable de litio.<\/li>\n<li>Control de poder: Autom\u00e1tico.<\/li>\n<li>Protecci\u00f3n UV\/IP: Hasta DIN16.<\/li>\n<li>Alarma de bateria baja: Autom\u00e1tica.<\/li>\n<li>Temperatura de funcionamiento: -10\u00b0C ~+ 60\u00b0C (10\u00b0F~140\u00b0F)<\/li>\n<li>Peso: 490g<\/li>\n<li>Lente fotosensible, carcaza termopl\u00e1stica.<\/li>\n<li>Resistente a temperaturas.<\/li>\n<li>R\u00e1pida Respuesta.<\/li>\n<li>Protecci\u00f3n UV \/ IR.<\/li>\n<li>Dise\u00f1o c\u00f3modo y ligero.<\/li>\n<li>ON\/OFF autom\u00e1tico. F\u00e1cil y seguro de operar.<\/li>\n<li>Material de alta durabilidad.<\/li>\n<li>Permite seleccionar todas las funciones y sombras.<\/li>\n<li>Fuente energ\u00eda.<\/li>\n<li>Celdas solares y bater\u00eda.<\/li>\n<\/ul>\n<p>PRUEBAS SEG\u00daN<\/p>\n<p>ANSI Z 359.12, CSA Z 259.12, CE EN 362<\/p>\n","protected":false},"excerpt":{"rendered":"<p>La m\u00e1scara de soldador automatica est\u00e1 provista de oscurecimiento autom\u00e1tico con controles que pueden variarse continuamente para ajustar la sombra (o tono) de un estado claro a uno oscuro y viceversa. Usualmente es utilizada para trabajos de soldadura, ya que le permite al usuario trabajar continuamente<\/p>\n","protected":false},"featured_media":10993,"comment_status":"open","ping_status":"closed","template":"","meta":{"_joinchat":[]},"product_brand":[],"product_cat":[96,28],"product_tag":[],"class_list":{"0":"post-10992","1":"product","2":"type-product","3":"status-publish","4":"has-post-thumbnail","6":"product_cat-proteccion-cabeza","7":"product_cat-seguridadindustrial","9":"first","10":"instock","11":"shipping-taxable","12":"product-type-simple"},"ams_default_variation_id":0,"ams_product_points_reward":[],"ams_product_discount_percentage":0,"ams_price_to_display":0,"ams_acf":[],"jetpack_sharing_enabled":true,"_links":{"self":[{"href":"https:\/\/komeklatam.com\/index.php\/wp-json\/wp\/v2\/product\/10992","targetHints":{"allow":["GET"]}}],"collection":[{"href":"https:\/\/komeklatam.com\/index.php\/wp-json\/wp\/v2\/product"}],"about":[{"href":"https:\/\/komeklatam.com\/index.php\/wp-json\/wp\/v2\/types\/product"}],"replies":[{"embeddable":true,"href":"https:\/\/komeklatam.com\/index.php\/wp-json\/wp\/v2\/comments?post=10992"}],"wp:featuredmedia":[{"embeddable":true,"href":"https:\/\/komeklatam.com\/index.php\/wp-json\/wp\/v2\/media\/10993"}],"wp:attachment":[{"href":"https:\/\/komeklatam.com\/index.php\/wp-json\/wp\/v2\/media?parent=10992"}],"wp:term":[{"taxonomy":"product_brand","embeddable":true,"href":"https:\/\/komeklatam.com\/index.php\/wp-json\/wp\/v2\/product_brand?post=10992"},{"taxonomy":"product_cat","embeddable":true,"href":"https:\/\/komeklatam.com\/index.php\/wp-json\/wp\/v2\/product_cat?post=10992"},{"taxonomy":"product_tag","embeddable":true,"href":"https:\/\/komeklatam.com\/index.php\/wp-json\/wp\/v2\/product_tag?post=10992"}],"curies":[{"name":"wp","href":"https:\/\/api.w.org\/{rel}","templated":true}]}}