{"id":11046,"date":"2023-08-02T17:32:13","date_gmt":"2023-08-02T17:32:13","guid":{"rendered":"http:\/\/komeklatam.com\/?post_type=product&#038;p=11046"},"modified":"2023-08-02T17:32:13","modified_gmt":"2023-08-02T17:32:13","slug":"protector-auditivo-speed","status":"publish","type":"product","link":"https:\/\/komeklatam.com\/index.php\/producto\/protector-auditivo-speed\/","title":{"rendered":"Protector Auditivo Speed"},"content":{"rendered":"","protected":false},"excerpt":{"rendered":"<p>Los protectores auditivos Speed son equipos de protecci\u00f3n individual que, debido a sus propiedades para la atenuaci\u00f3n de sonido, reducen los efectos del ruido en la audici\u00f3n, para evitar as\u00ed un da\u00f1o en el o\u00eddo.<\/p>\n","protected":false},"featured_media":11047,"comment_status":"open","ping_status":"closed","template":"","meta":{"_joinchat":[]},"product_brand":[],"product_cat":[97,28],"product_tag":[],"class_list":{"0":"post-11046","1":"product","2":"type-product","3":"status-publish","4":"has-post-thumbnail","6":"product_cat-proteccion-auditiva","7":"product_cat-seguridadindustrial","9":"first","10":"instock","11":"shipping-taxable","12":"product-type-simple"},"ams_default_variation_id":0,"ams_product_points_reward":[],"ams_product_discount_percentage":0,"ams_price_to_display":0,"ams_acf":[],"jetpack_sharing_enabled":true,"_links":{"self":[{"href":"https:\/\/komeklatam.com\/index.php\/wp-json\/wp\/v2\/product\/11046","targetHints":{"allow":["GET"]}}],"collection":[{"href":"https:\/\/komeklatam.com\/index.php\/wp-json\/wp\/v2\/product"}],"about":[{"href":"https:\/\/komeklatam.com\/index.php\/wp-json\/wp\/v2\/types\/product"}],"replies":[{"embeddable":true,"href":"https:\/\/komeklatam.com\/index.php\/wp-json\/wp\/v2\/comments?post=11046"}],"wp:featuredmedia":[{"embeddable":true,"href":"https:\/\/komeklatam.com\/index.php\/wp-json\/wp\/v2\/media\/11047"}],"wp:attachment":[{"href":"https:\/\/komeklatam.com\/index.php\/wp-json\/wp\/v2\/media?parent=11046"}],"wp:term":[{"taxonomy":"product_brand","embeddable":true,"href":"https:\/\/komeklatam.com\/index.php\/wp-json\/wp\/v2\/product_brand?post=11046"},{"taxonomy":"product_cat","embeddable":true,"href":"https:\/\/komeklatam.com\/index.php\/wp-json\/wp\/v2\/product_cat?post=11046"},{"taxonomy":"product_tag","embeddable":true,"href":"https:\/\/komeklatam.com\/index.php\/wp-json\/wp\/v2\/product_tag?post=11046"}],"curies":[{"name":"wp","href":"https:\/\/api.w.org\/{rel}","templated":true}]}}