{"id":11055,"date":"2023-08-02T17:42:13","date_gmt":"2023-08-02T17:42:13","guid":{"rendered":"http:\/\/komeklatam.com\/?post_type=product&#038;p=11055"},"modified":"2023-08-02T17:42:14","modified_gmt":"2023-08-02T17:42:14","slug":"protector-auditivo-tipo-copa-para-casco-driller","status":"publish","type":"product","link":"https:\/\/komeklatam.com\/index.php\/producto\/protector-auditivo-tipo-copa-para-casco-driller\/","title":{"rendered":"Protector Auditivo Tipo Copa para Casco Driller"},"content":{"rendered":"<h2>Descripci\u00f3n<\/h2>\n<p>RECOMENDACIONES<\/p>\n<ul>\n<li>\u00a0El usuario debe evaluar el nivel de protecci\u00f3n necesaria para la labor. Para sonidos excesivamente fuertes debe usarse protecci\u00f3n adicional.<\/li>\n<li>Labores generales con presencia de ruido en exceso por periodos prolongados producidos por maquinaria, tr\u00e1fico vehicular, compresores, taladros, campos petroleros, aeropuertos, taller<\/li>\n<\/ul>\n<p>CARACTER\u00cdSTICAS<\/p>\n<ul>\n<li>\u00a0Cumple ANSI S3.19; EN 352-3:2002<\/li>\n<li>Protecci\u00f3n 25 dB.<\/li>\n<li>Diadema y orejeras acolchadas para mayor comodidad del usuario, incluso en largas jornadas de trabajo. La diadema es graduable para mejor ajuste, adem\u00e1s rota para permitir su uso con casco.<\/li>\n<\/ul>\n<p>INSTRUCCIONES DE CUIDADO<\/p>\n<ul>\n<li>Cambie el protector si la diadema o las copas se encuentran deterioradas. Malgaste o perforaciones pueden afectar el funcionamiento del producto y el aislamiento del sonido.<\/li>\n<\/ul>\n","protected":false},"excerpt":{"rendered":"<p>El protector auditivo tipo copa adaptable al casco con diadema acolchada est\u00e1 especialmente dise\u00f1ado para aislar los o\u00eddos del usuario de la fuente de ruido.<\/p>\n","protected":false},"featured_media":11056,"comment_status":"open","ping_status":"closed","template":"","meta":{"_joinchat":[]},"product_brand":[],"product_cat":[97,28],"product_tag":[],"class_list":{"0":"post-11055","1":"product","2":"type-product","3":"status-publish","4":"has-post-thumbnail","6":"product_cat-proteccion-auditiva","7":"product_cat-seguridadindustrial","9":"first","10":"instock","11":"shipping-taxable","12":"product-type-simple"},"ams_default_variation_id":0,"ams_product_points_reward":[],"ams_product_discount_percentage":0,"ams_price_to_display":0,"ams_acf":[],"jetpack_sharing_enabled":true,"_links":{"self":[{"href":"https:\/\/komeklatam.com\/index.php\/wp-json\/wp\/v2\/product\/11055","targetHints":{"allow":["GET"]}}],"collection":[{"href":"https:\/\/komeklatam.com\/index.php\/wp-json\/wp\/v2\/product"}],"about":[{"href":"https:\/\/komeklatam.com\/index.php\/wp-json\/wp\/v2\/types\/product"}],"replies":[{"embeddable":true,"href":"https:\/\/komeklatam.com\/index.php\/wp-json\/wp\/v2\/comments?post=11055"}],"wp:featuredmedia":[{"embeddable":true,"href":"https:\/\/komeklatam.com\/index.php\/wp-json\/wp\/v2\/media\/11056"}],"wp:attachment":[{"href":"https:\/\/komeklatam.com\/index.php\/wp-json\/wp\/v2\/media?parent=11055"}],"wp:term":[{"taxonomy":"product_brand","embeddable":true,"href":"https:\/\/komeklatam.com\/index.php\/wp-json\/wp\/v2\/product_brand?post=11055"},{"taxonomy":"product_cat","embeddable":true,"href":"https:\/\/komeklatam.com\/index.php\/wp-json\/wp\/v2\/product_cat?post=11055"},{"taxonomy":"product_tag","embeddable":true,"href":"https:\/\/komeklatam.com\/index.php\/wp-json\/wp\/v2\/product_tag?post=11055"}],"curies":[{"name":"wp","href":"https:\/\/api.w.org\/{rel}","templated":true}]}}