{"id":11082,"date":"2023-08-02T20:09:39","date_gmt":"2023-08-02T20:09:39","guid":{"rendered":"http:\/\/komeklatam.com\/?post_type=product&#038;p=11082"},"modified":"2023-08-02T20:09:39","modified_gmt":"2023-08-02T20:09:39","slug":"filtro-2091-p100","status":"publish","type":"product","link":"https:\/\/komeklatam.com\/index.php\/producto\/filtro-2091-p100\/","title":{"rendered":"Filtro 2091 (P100)"},"content":{"rendered":"<h2>Descripci\u00f3n<\/h2>\n<p>Exposici\u00f3n a part\u00edculas de sustancias especificadas por OSHA.<br \/>\nReducci\u00f3n de Plomo.<\/p>\n<ul>\n<li>Cadmio.<\/li>\n<li>Ars\u00e9nico.<\/li>\n<li>Asbesto.<\/li>\n<li>Industria farmac\u00e9utica.<\/li>\n<\/ul>\n<p>No usar cuando las concentraciones sean mayores a 10 veces el l\u00edmite de exposici\u00f3n (medio rostro) \u00f3 50 veces (rostro completo).<br \/>\nNo usar en atm\u00f3sferas cuyo contenido de ox\u00edgeno sea menor a 19.5 %.<\/p>\n","protected":false},"excerpt":{"rendered":"<div class=\"elementor-element elementor-element-7c477266 elementor-widget elementor-widget-woocommerce-product-short-description\" data-id=\"7c477266\" data-element_type=\"widget\" data-widget_type=\"woocommerce-product-short-description.default\">\n<div class=\"elementor-widget-container\">\n<div class=\"woocommerce-product-details__short-description\">\n<p>Pueden ser utilizados con los respiradores 7500, 7800, FX FF-400 y Serie 6000 de 3M, a su vez est\u00e1n aprobados para la protecci\u00f3n contra polvos, humos met\u00e1licos y neblinas con o sin aceite.<\/p>\n<\/div>\n<\/div>\n<\/div>\n","protected":false},"featured_media":11083,"comment_status":"open","ping_status":"closed","template":"","meta":{"_joinchat":[]},"product_brand":[],"product_cat":[99,28],"product_tag":[],"class_list":{"0":"post-11082","1":"product","2":"type-product","3":"status-publish","4":"has-post-thumbnail","6":"product_cat-bioseguridad","7":"product_cat-seguridadindustrial","9":"first","10":"instock","11":"shipping-taxable","12":"product-type-simple"},"ams_default_variation_id":0,"ams_product_points_reward":[],"ams_product_discount_percentage":0,"ams_price_to_display":0,"ams_acf":[],"jetpack_sharing_enabled":true,"_links":{"self":[{"href":"https:\/\/komeklatam.com\/index.php\/wp-json\/wp\/v2\/product\/11082","targetHints":{"allow":["GET"]}}],"collection":[{"href":"https:\/\/komeklatam.com\/index.php\/wp-json\/wp\/v2\/product"}],"about":[{"href":"https:\/\/komeklatam.com\/index.php\/wp-json\/wp\/v2\/types\/product"}],"replies":[{"embeddable":true,"href":"https:\/\/komeklatam.com\/index.php\/wp-json\/wp\/v2\/comments?post=11082"}],"wp:featuredmedia":[{"embeddable":true,"href":"https:\/\/komeklatam.com\/index.php\/wp-json\/wp\/v2\/media\/11083"}],"wp:attachment":[{"href":"https:\/\/komeklatam.com\/index.php\/wp-json\/wp\/v2\/media?parent=11082"}],"wp:term":[{"taxonomy":"product_brand","embeddable":true,"href":"https:\/\/komeklatam.com\/index.php\/wp-json\/wp\/v2\/product_brand?post=11082"},{"taxonomy":"product_cat","embeddable":true,"href":"https:\/\/komeklatam.com\/index.php\/wp-json\/wp\/v2\/product_cat?post=11082"},{"taxonomy":"product_tag","embeddable":true,"href":"https:\/\/komeklatam.com\/index.php\/wp-json\/wp\/v2\/product_tag?post=11082"}],"curies":[{"name":"wp","href":"https:\/\/api.w.org\/{rel}","templated":true}]}}