{"id":11094,"date":"2023-08-02T20:21:25","date_gmt":"2023-08-02T20:21:25","guid":{"rendered":"http:\/\/komeklatam.com\/?post_type=product&#038;p=11094"},"modified":"2023-08-02T20:21:26","modified_gmt":"2023-08-02T20:21:26","slug":"guantes-de-latex-desechables-no-esteril","status":"publish","type":"product","link":"https:\/\/komeklatam.com\/index.php\/producto\/guantes-de-latex-desechables-no-esteril\/","title":{"rendered":"Guantes de latex desechables no est\u00e9ril"},"content":{"rendered":"<h2>Descripci\u00f3n<\/h2>\n<ul>\n<li>Evitan el contacto f\u00edsico con secreciones, piel o mucosas, as\u00ed como con materiales sucios o contaminados en procedimientos de riesgo biol\u00f3gico.<\/li>\n<li>Se utilizan en maniobras que\u00a0 requieran una gran destreza y flexibilidad.<\/li>\n<li>Funcionan como barrera a ciertos agentes qu\u00edmicos, ca\u00fasticos, detergentes.<\/li>\n<li>Son resistentes a ser pinchados o desgarrados en comparaci\u00f3n con otros materiales como el vinilo.<\/li>\n<li>Los guantes empolvados facilitan su colocaci\u00f3n.<\/li>\n<\/ul>\n<p>Precuaciones:<\/p>\n<p>No utilizar si se tiene alergia al material de fabricaci\u00f3n (l\u00e1tex).<\/p>\n","protected":false},"excerpt":{"rendered":"<p><strong>Guantes de l\u00e1tex desechables no est\u00e9riles<\/strong><\/p>\n<p>Caracter\u00edsticas:<\/p>\n<p>Tipo de material: L\u00e1tex<\/p>\n<p>Empolvados<\/p>\n<p>No est\u00e9riles<\/p>\n<p>Hipoalerg\u00e9nicos<\/p>\n<p>Seguros en procedimientos que involucren riesgo biol\u00f3gico<\/p>\n<p>Presentaci\u00f3n de empaque:<\/p>\n<p>x 100<\/p>\n<p>x 1 (par) unidad de empaque para botiqu\u00edn.<\/p>\n","protected":false},"featured_media":11095,"comment_status":"open","ping_status":"closed","template":"","meta":{"_joinchat":[]},"product_brand":[],"product_cat":[99,28],"product_tag":[],"class_list":{"0":"post-11094","1":"product","2":"type-product","3":"status-publish","4":"has-post-thumbnail","6":"product_cat-bioseguridad","7":"product_cat-seguridadindustrial","9":"first","10":"instock","11":"shipping-taxable","12":"product-type-simple"},"ams_default_variation_id":0,"ams_product_points_reward":[],"ams_product_discount_percentage":0,"ams_price_to_display":0,"ams_acf":[],"jetpack_sharing_enabled":true,"_links":{"self":[{"href":"https:\/\/komeklatam.com\/index.php\/wp-json\/wp\/v2\/product\/11094","targetHints":{"allow":["GET"]}}],"collection":[{"href":"https:\/\/komeklatam.com\/index.php\/wp-json\/wp\/v2\/product"}],"about":[{"href":"https:\/\/komeklatam.com\/index.php\/wp-json\/wp\/v2\/types\/product"}],"replies":[{"embeddable":true,"href":"https:\/\/komeklatam.com\/index.php\/wp-json\/wp\/v2\/comments?post=11094"}],"wp:featuredmedia":[{"embeddable":true,"href":"https:\/\/komeklatam.com\/index.php\/wp-json\/wp\/v2\/media\/11095"}],"wp:attachment":[{"href":"https:\/\/komeklatam.com\/index.php\/wp-json\/wp\/v2\/media?parent=11094"}],"wp:term":[{"taxonomy":"product_brand","embeddable":true,"href":"https:\/\/komeklatam.com\/index.php\/wp-json\/wp\/v2\/product_brand?post=11094"},{"taxonomy":"product_cat","embeddable":true,"href":"https:\/\/komeklatam.com\/index.php\/wp-json\/wp\/v2\/product_cat?post=11094"},{"taxonomy":"product_tag","embeddable":true,"href":"https:\/\/komeklatam.com\/index.php\/wp-json\/wp\/v2\/product_tag?post=11094"}],"curies":[{"name":"wp","href":"https:\/\/api.w.org\/{rel}","templated":true}]}}