{"id":11142,"date":"2023-08-03T20:54:00","date_gmt":"2023-08-03T20:54:00","guid":{"rendered":"http:\/\/komeklatam.com\/?post_type=product&#038;p=11142"},"modified":"2023-08-04T17:43:44","modified_gmt":"2023-08-04T17:43:44","slug":"kmk37-933-2-personas","status":"publish","type":"product","link":"https:\/\/komeklatam.com\/index.php\/producto\/kmk37-933-2-personas\/","title":{"rendered":"KMK37 (933) 2 Personas"},"content":{"rendered":"<h1>Especificaciones t\u00e9cnicas:<\/h1>\n<ul>\n<li>Di\u00e1metro exterior: 750 mm<\/li>\n<li>Espacio requerido instalaci\u00f3n: 810 mm<\/li>\n<li>Carga m\u00e1xima: 120 kg<\/li>\n<li>Di\u00e1metro interior cabina: 630 mm<\/li>\n<li>Peso estructura 3m recorrido: 250 kg<\/li>\n<li>Sin foso ni sala de m\u00e1quinas<\/li>\n<li>Disponible en 2, 3, 4 y 5 paradas<\/li>\n<li>Potecia m\u00e1xima: 3 kW<\/li>\n<li>Garant\u00eda: 1 a\u00f1o a partir de la instalaci\u00f3n.<\/li>\n<\/ul>\n","protected":false},"excerpt":{"rendered":"<p>El ascensor neum\u00e1tico modelo KMK37<br \/>\n933 es el producto estrella de KMK con<br \/>\nm\u00e1s de 6.500 unidades instaladas en<br \/>\ntodo el mundo. El modelo KMK37 933<br \/>\nes el ascensor residencial ideal para<br \/>\nviviendas unifamiliares, chalets y<br \/>\nd\u00faplex.<\/p>\n<p><img loading=\"lazy\" decoding=\"async\" class=\"alignnone size-full wp-image-11143\" src=\"http:\/\/komeklatam.com\/wp-content\/uploads\/2023\/08\/2.png\" alt=\"\" width=\"346\" height=\"206\" srcset=\"https:\/\/komeklatam.com\/wp-content\/uploads\/2023\/08\/2.png 346w, https:\/\/komeklatam.com\/wp-content\/uploads\/2023\/08\/2-150x89.png 150w\" sizes=\"auto, (max-width: 346px) 100vw, 346px\" \/><\/p>\n","protected":false},"featured_media":11207,"comment_status":"open","ping_status":"closed","template":"","meta":{"_joinchat":[]},"product_brand":[],"product_cat":[109],"product_tag":[],"class_list":{"0":"post-11142","1":"product","2":"type-product","3":"status-publish","4":"has-post-thumbnail","6":"product_cat-ascensores-neumaticos","8":"first","9":"instock","10":"shipping-taxable","11":"product-type-simple"},"ams_default_variation_id":0,"ams_product_points_reward":[],"ams_product_discount_percentage":0,"ams_price_to_display":0,"ams_acf":[],"jetpack_sharing_enabled":true,"_links":{"self":[{"href":"https:\/\/komeklatam.com\/index.php\/wp-json\/wp\/v2\/product\/11142","targetHints":{"allow":["GET"]}}],"collection":[{"href":"https:\/\/komeklatam.com\/index.php\/wp-json\/wp\/v2\/product"}],"about":[{"href":"https:\/\/komeklatam.com\/index.php\/wp-json\/wp\/v2\/types\/product"}],"replies":[{"embeddable":true,"href":"https:\/\/komeklatam.com\/index.php\/wp-json\/wp\/v2\/comments?post=11142"}],"wp:featuredmedia":[{"embeddable":true,"href":"https:\/\/komeklatam.com\/index.php\/wp-json\/wp\/v2\/media\/11207"}],"wp:attachment":[{"href":"https:\/\/komeklatam.com\/index.php\/wp-json\/wp\/v2\/media?parent=11142"}],"wp:term":[{"taxonomy":"product_brand","embeddable":true,"href":"https:\/\/komeklatam.com\/index.php\/wp-json\/wp\/v2\/product_brand?post=11142"},{"taxonomy":"product_cat","embeddable":true,"href":"https:\/\/komeklatam.com\/index.php\/wp-json\/wp\/v2\/product_cat?post=11142"},{"taxonomy":"product_tag","embeddable":true,"href":"https:\/\/komeklatam.com\/index.php\/wp-json\/wp\/v2\/product_tag?post=11142"}],"curies":[{"name":"wp","href":"https:\/\/api.w.org\/{rel}","templated":true}]}}