{"id":11145,"date":"2023-08-03T20:56:51","date_gmt":"2023-08-03T20:56:51","guid":{"rendered":"http:\/\/komeklatam.com\/?post_type=product&#038;p=11145"},"modified":"2023-08-04T17:49:40","modified_gmt":"2023-08-04T17:49:40","slug":"kmk52-1316-3-personas","status":"publish","type":"product","link":"https:\/\/komeklatam.com\/index.php\/producto\/kmk52-1316-3-personas\/","title":{"rendered":"KMK52 (1316) 3 Personas"},"content":{"rendered":"<h1>Especificaciones t\u00e9cnicas:<\/h1>\n<ul>\n<li>Di\u00e1metro exterior: 1316 mm<\/li>\n<li>Espacio requerido instalaci\u00f3n: 1460 mm<\/li>\n<li>Carga m\u00e1xima: 225 kg<\/li>\n<li>Di\u00e1metro interior cabina: 1220 mm<\/li>\n<li>Peso estructura 3m recorrido: 550 kg<\/li>\n<li>Sin foso ni sala de m\u00e1quinas<\/li>\n<li>Disponible en 2, 3, 4 y 5 paradas<\/li>\n<li>Potecia m\u00e1xima: 6 kW<\/li>\n<li>Posibilidad doble embarque a 180\u00ba<\/li>\n<li>Equipamiento: \u00a0Iluminaci\u00f3n autom\u00e1tica, ventilaci\u00f3n forzada, tel\u00e9fono (opcional).<\/li>\n<li>Garant\u00eda: \u00a01 a\u00f1o a partir de la instalaci\u00f3n.<\/li>\n<\/ul>\n<p>&nbsp;<\/p>\n","protected":false},"excerpt":{"rendered":"<p>El ascensor neum\u00e1tico modelo KMK52 1316 est\u00e1 especialmente pensado para<br \/>\npersonas con movilidad reducida. Este modelo de ascensor neum\u00e1tico KMK<br \/>\npermite la posibilidad de transportar un pasajero en silla de ruedas con un<br \/>\nacompa\u00f1ante.<br \/>\nExisten multitud de ascensores para silla de ruedas, pero solo nuestro ascensor<br \/>\nneum\u00e1tico KMK52 1316 te ofrece el espacio y la seguridad que necesitas junto con<br \/>\nun dise\u00f1o espectacular. La estructura exterior del m\u00e1s grande de nuestros<br \/>\nascensores neum\u00e1ticos de vac\u00edo est\u00e1 fabricada en aluminio y policarbonato<br \/>\ntransparente. Adem\u00e1s es el \u00fanico modelo con la cabina interior en acero<br \/>\ninoxidable.<\/p>\n","protected":false},"featured_media":11209,"comment_status":"open","ping_status":"closed","template":"","meta":{"_joinchat":[]},"product_brand":[],"product_cat":[109],"product_tag":[],"class_list":{"0":"post-11145","1":"product","2":"type-product","3":"status-publish","4":"has-post-thumbnail","6":"product_cat-ascensores-neumaticos","8":"first","9":"instock","10":"shipping-taxable","11":"product-type-simple"},"ams_default_variation_id":0,"ams_product_points_reward":[],"ams_product_discount_percentage":0,"ams_price_to_display":0,"ams_acf":[],"jetpack_sharing_enabled":true,"_links":{"self":[{"href":"https:\/\/komeklatam.com\/index.php\/wp-json\/wp\/v2\/product\/11145","targetHints":{"allow":["GET"]}}],"collection":[{"href":"https:\/\/komeklatam.com\/index.php\/wp-json\/wp\/v2\/product"}],"about":[{"href":"https:\/\/komeklatam.com\/index.php\/wp-json\/wp\/v2\/types\/product"}],"replies":[{"embeddable":true,"href":"https:\/\/komeklatam.com\/index.php\/wp-json\/wp\/v2\/comments?post=11145"}],"wp:featuredmedia":[{"embeddable":true,"href":"https:\/\/komeklatam.com\/index.php\/wp-json\/wp\/v2\/media\/11209"}],"wp:attachment":[{"href":"https:\/\/komeklatam.com\/index.php\/wp-json\/wp\/v2\/media?parent=11145"}],"wp:term":[{"taxonomy":"product_brand","embeddable":true,"href":"https:\/\/komeklatam.com\/index.php\/wp-json\/wp\/v2\/product_brand?post=11145"},{"taxonomy":"product_cat","embeddable":true,"href":"https:\/\/komeklatam.com\/index.php\/wp-json\/wp\/v2\/product_cat?post=11145"},{"taxonomy":"product_tag","embeddable":true,"href":"https:\/\/komeklatam.com\/index.php\/wp-json\/wp\/v2\/product_tag?post=11145"}],"curies":[{"name":"wp","href":"https:\/\/api.w.org\/{rel}","templated":true}]}}